{"id":109,"date":"2021-01-23T05:52:19","date_gmt":"2021-01-23T05:52:19","guid":{"rendered":"https:\/\/creativedigital.tech\/tandawordpress\/?page_id=109"},"modified":"2021-07-14T20:15:33","modified_gmt":"2021-07-14T18:15:33","slug":"pourquoi-nous-faire-confiance","status":"publish","type":"page","link":"https:\/\/bewell-corporation.com\/index.php\/pourquoi-nous-faire-confiance\/","title":{"rendered":"Pourquoi nous faire confiance?"},"content":{"rendered":"<p>[vc_row][vc_column]<!-- Start Features Area \n    ============================================= -->\n    <div class=\"feature-area overflow-hidden default-padding\">\n        <div class=\"container\">\n            <div class=\"heading-left\">\n                <div class=\"row\">\n                    <div class=\"col-lg-6\">\n                        <h5>5 ann\u00e9es de r\u00e9alisation et de partages!<\/h5>\n                        <h2>\n                            Une \u00e9quipe exigeante capable de d\u00e9ployer efficacement votre communication sur tous supports\n                        <\/h2>\n                    <\/div>\n                    <div class=\"col-lg-6\">\n                        <p>\n                            Notre premier objectif, dont tous les autres d\u00e9coulent, est la satisfaction de nos clients. Partager avec eux la r\u00e9ussite des actions entreprises est notre principale motivation. Notre second objectif \u00e9tant de fournir un service de qualit\u00e9 \u00e0 des prix avantageux pour nos clients et de toujours garder \u00e0 l\u2019esprit l'aboutissement du projet.\n                        <\/p>\n                    <\/div>\n                <\/div>\n            <\/div>\n        <\/div>\n        <div class=\"container\">\n            <div class=\"features-box text-light\">\n                <div class=\"row\"><!-- Single Item -->\n                    <div class=\"single-item col-lg-4 col-md-6\">\n                        <div class=\"item\">\n                            <img decoding=\"async\" src=\"https:\/\/bewell-corporation.com\/wp-content\/uploads\/2021\/07\/BEWELL-ECOUTE-ET-PROXIMITE.jpg\" alt=\"Thumb\">\n                            <div class=\"overlay\">\n                                <div class=\"info\">\n                                    <h4>Ecoute et proximit\u00e9<\/h4><a href=\"https:\/\/creativedigital.tech\/tandawordpress\/services-version-one\/\"><i class=\"fas fa-angle-right\"><\/i><\/a><\/div>\n                            <\/div>\n                        <\/div>\n                    <\/div>\n                    <!-- End Single Item --><!-- Single Item -->\n                    <div class=\"single-item col-lg-4 col-md-6\">\n                        <div class=\"item\">\n                            <img decoding=\"async\" src=\"https:\/\/bewell-corporation.com\/wp-content\/uploads\/2021\/07\/BEWELL-INITIATION-ET-CREATIVITE.jpg\" alt=\"Thumb\">\n                            <div class=\"overlay\">\n                                <div class=\"info\">\n                                    <h4>Cr\u00e9ativit\u00e9 et innovation<\/h4><a href=\"https:\/\/creativedigital.tech\/tandawordpress\/services-version-one\/\"><i class=\"fas fa-angle-right\"><\/i><\/a><\/div>\n                            <\/div>\n                        <\/div>\n                    <\/div>\n                    <!-- End Single Item --><!-- Single Item -->\n                    <div class=\"single-item col-lg-4 col-md-6\">\n                        <div class=\"item\">\n                            <img decoding=\"async\" src=\"https:\/\/bewell-corporation.com\/wp-content\/uploads\/2021\/07\/BEWELL-REACTIVITE-ET-SOUPLESSE.jpg\" alt=\"Thumb\">\n                            <div class=\"overlay\">\n                                <div class=\"info\">\n                                    <h4>R\u00e9activit\u00e9 et souplesse<\/h4><a href=\"https:\/\/creativedigital.tech\/tandawordpress\/services-version-one\/\"><i class=\"fas fa-angle-right\"><\/i><\/a><\/div>\n                            <\/div>\n                        <\/div>\n                    <\/div>\n                    <!-- End Single Item --><\/div>\n            <\/div>\n        <\/div>\n    <\/div>\n    <!-- End Features Area -->[\/vc_column][\/vc_row][vc_row][vc_column]<!-- Start Who We Area \n    ============================================= -->\n    <div class=\"who-we-area-area bg-dark text-light\">\n        <div class=\"container-fluid\">\n            <div class=\"who-we-area-box\">\n                <div class=\"row\">\n                    <div class=\"col-lg-6 thumb bg-cover\" style=\"background-image: url(https:\/\/bewell-corporation.com\/wp-content\/uploads\/2021\/07\/BEWELL-BACKGROUND.jpg);\"><\/div>\n                    <div class=\"col-lg-6 info\">\n                        <div class=\"row\"><div class=\"col-lg-6 col-md-6 item\">\n                                <h4>Notre Philosophie<\/h4>\n                                <h2 class=\"text-blur\">Philosophie<\/h2>\n                                <p>\n                                    Nous convertissons les menaces en opportunit\u00e9s et en challenges pour mieux affirmer votre pr\u00e9sence sur le march\u00e9.<br \/>\nLe respect mutuel est souverain pour asseoir une relation transparente et de confiance, afin d\u2019aboutir \u00e0 la satisfaction des diff\u00e9rents projets qui nous sont confi\u00e9s. A chacune des missions que vous remettez \u00e0 nos soins, notre \u00e9quipe veille \u00e0 agir avec professionnalisme, car pour nous, votre sollicitation est une marque de confiance.<br \/>\nNous pensons qu\u2019il n\u2019existe pas de mod\u00e8le de communication, d\u2019\u00e9v\u00e9nement et ni d\u2019approche informatique pr\u00eat \u00e0 l\u2019emploi. C\u2019est pourquoi chaque projet est pens\u00e9, \u00e9tudi\u00e9 et adapt\u00e9 \u00e0 la cible pour susciter le sentiment et faire jaillir les \u00e9motions recherch\u00e9es.\n                                <\/p><a href=\"https:\/\/creativedigital.tech\/tandawordpress\/about-us\/\" class=\"btn circle btn-light effect btn-sm\">En savoir plus <i class=\"fas fa-arrow-alt-circle-right\"><\/i><\/a><\/div><div class=\"col-lg-6 col-md-6 item\">\n                                <h4>Notre Vision<\/h4>\n                                <h2 class=\"text-blur\">Vision<\/h2>\n                                <p>\n                                    \u2022 Nous visons l'excellence et aspirons \u00e0 devenir la r\u00e9f\u00e9rence en mati\u00e8re de d\u00e9veloppement informatique, de gestion de projets et de conseils IT. Nous misons sur nos collaborateurs pour atteindre notre objectif commun : la satisfaction totale de nos clients gr\u00e2ce \u00e0 des services de haute qualit\u00e9, car c\u2019est gr\u00e2ce \u00e0 leur implication que le succ\u00e8s de vos projets peut \u00eatre garanti.<br \/>\n\u2022 On se d\u00e9marque \u00e0 travers l'organisation d'\u00e9v\u00e9nements vari\u00e9s, en fournissant du personnel de haut calibre qui s'ajuste \u00e0 l'\u00e9v\u00e9nement, aux besoins et \u00e0 l'image du client, le tout jumel\u00e9 \u00e0 une garantie de pr\u00e9sence du personnel et un service 24\/7.\n                                <\/p><a href=\"https:\/\/creativedigital.tech\/tandawordpress\/about-us\/\" class=\"btn circle btn-light effect btn-sm\">En savoir plus <i class=\"fas fa-arrow-alt-circle-right\"><\/i><\/a><\/div><\/div>\n                    <\/div>\n                <\/div>\n            <\/div>\n        <\/div>\n    <\/div>\n    <!-- End Who We Area Area -->[\/vc_column][\/vc_row][vc_row][vc_column]<!-- Start Faq \n    ============================================= -->\n    <div class=\"faq-area default-padding bg-gray\">\n        <div class=\"container\">\n            <div class=\"faq-items\">\n                <div class=\"row\">\n\n                    <div class=\"col-lg-5 info\">\n                        <h5>FAQ<\/h5>\n                        <h2>R\u00e9ponses et questions les plus courantes<\/h2><a href=\"#\" class=\"btn btn-theme effect btn-md\">Voir plus<\/a><\/div>\n                    <div class=\"col-lg-7\">\n                        <div class=\"faq-content\">\n                            <div class=\"accordion\" id=\"accordionExample\"><div class=\"card\">\n    <div class=\"card-header\" id=\"headingOne\">\n        <h4 class=\"mb-0\" data-toggle=\"collapse\" data-target=\"#collapseOne\" aria-expanded=\"true\" aria-controls=\"collapseOne\">\n              Ai-je besoin d'une strat\u00e9gie r\u00e9seaux??\n        <\/h4>\n    <\/div>\n\n    <div id=\"collapseOne\" class=\"collapse show\" aria-labelledby=\"headingOne\" data-parent=\"#accordionExample\">\n        <div class=\"card-body\">\n            <p>\n                La r\u00e9flexion strat\u00e9gique va au-del\u00e0 de ce qui est devant vous pour voir la situation dans son ensemble. Ensuite, l'ex\u00e9cution tactique intervient pour atteindre ces objectifs g\u00e9n\u00e9raux.\n            <\/p>\n        <\/div>\n    <\/div>\n<\/div><div class=\"card\">\n    <div class=\"card-header\" id=\"headingTwo\">\n        <h4 class=\"mb-0\" data-toggle=\"collapse\" data-target=\"#collapseTwo\" aria-expanded=\"true\" aria-controls=\"collapseTwo\">\n              Puis-je obtenir des conseils marketing gratuitement???\n        <\/h4>\n    <\/div>\n\n    <div id=\"collapseTwo\" class=\"collapse \" aria-labelledby=\"headingTwo\" data-parent=\"#accordionExample\">\n        <div class=\"card-body\">\n            <p>\n                Toute bonne agence peut relever le d\u00e9fi que vous leur proposez. A BeWell Corporation, vous b\u00e9n\u00e9ficierez d'une approche adapt\u00e9e \u00e0 vos besoins; cette m\u00e9thode nous montre l'ensemble de votre organisation, nous permettant d'identifier la meilleure strat\u00e9gie, les tactiques qui vous apporteront le succ\u00e8s et comment vous pouvez am\u00e9liorer ce succ\u00e8s.\n            <\/p>\n        <\/div>\n    <\/div>\n<\/div><div class=\"card\">\n    <div class=\"card-header\" id=\"headingThree\">\n        <h4 class=\"mb-0\" data-toggle=\"collapse\" data-target=\"#collapseThree\" aria-expanded=\"true\" aria-controls=\"collapseThree\">\n              Quelle est la dur\u00e9e de cette strat\u00e9gie???\n        <\/h4>\n    <\/div>\n\n    <div id=\"collapseThree\" class=\"collapse \" aria-labelledby=\"headingThree\" data-parent=\"#accordionExample\">\n        <div class=\"card-body\">\n            <p>\n                Apprendre \u00e0 conna\u00eetre votre marque de fond en comble signifie que nous pouvons innover en votre nom - c'est pourquoi nous privil\u00e9gions les partenariats \u00e0 long terme.\n            <\/p>\n        <\/div>\n    <\/div>\n<\/div><\/div>\n                        <\/div>\n                    <\/div>\n\n                <\/div>\n            <\/div>\n        <\/div>\n    <\/div>\n    <!-- End Faq Area -->[\/vc_column][\/vc_row]<\/p>\n","protected":false},"excerpt":{"rendered":"<p>[vc_row][vc_column][\/vc_column][\/vc_row][vc_row][vc_column][\/vc_column][\/vc_row][vc_row][vc_column][\/vc_column][\/vc_row]<\/p>\n","protected":false},"author":1,"featured_media":0,"parent":0,"menu_order":0,"comment_status":"closed","ping_status":"closed","template":"page-templates\/pages.php","meta":{"_joinchat":[],"footnotes":""},"class_list":["post-109","page","type-page","status-publish","hentry"],"_links":{"self":[{"href":"https:\/\/bewell-corporation.com\/index.php\/wp-json\/wp\/v2\/pages\/109","targetHints":{"allow":["GET"]}}],"collection":[{"href":"https:\/\/bewell-corporation.com\/index.php\/wp-json\/wp\/v2\/pages"}],"about":[{"href":"https:\/\/bewell-corporation.com\/index.php\/wp-json\/wp\/v2\/types\/page"}],"author":[{"embeddable":true,"href":"https:\/\/bewell-corporation.com\/index.php\/wp-json\/wp\/v2\/users\/1"}],"replies":[{"embeddable":true,"href":"https:\/\/bewell-corporation.com\/index.php\/wp-json\/wp\/v2\/comments?post=109"}],"version-history":[{"count":3,"href":"https:\/\/bewell-corporation.com\/index.php\/wp-json\/wp\/v2\/pages\/109\/revisions"}],"predecessor-version":[{"id":970,"href":"https:\/\/bewell-corporation.com\/index.php\/wp-json\/wp\/v2\/pages\/109\/revisions\/970"}],"wp:attachment":[{"href":"https:\/\/bewell-corporation.com\/index.php\/wp-json\/wp\/v2\/media?parent=109"}],"curies":[{"name":"wp","href":"https:\/\/api.w.org\/{rel}","templated":true}]}}