{"id":1136,"date":"2022-05-25T20:34:00","date_gmt":"2022-05-25T18:34:00","guid":{"rendered":"https:\/\/bewell-corporation.com\/?page_id=1136"},"modified":"2022-06-03T18:32:00","modified_gmt":"2022-06-03T16:32:00","slug":"developpement-gestion-dapplication","status":"publish","type":"page","link":"https:\/\/bewell-corporation.com\/index.php\/developpement-gestion-dapplication\/","title":{"rendered":"D\u00e9veloppement &#038; Gestion d&#8217;application"},"content":{"rendered":"<p>[vc_row][vc_column]<!-- Start Case Details \n    ============================================= -->\n    <div class=\"case-details-area services-details-area default-padding\">\n        <div class=\"container\">\n            <div class=\"case-content\">\n                <div class=\"top-info\">\n                    <div class=\"row\">\n                        <div class=\"col-lg-7 thumb\">\n                            <img decoding=\"async\" src=\"https:\/\/bewell-corporation.com\/wp-content\/uploads\/2022\/06\/BEWELL-DEVELOPPEMENT-DAPPLICATION.jpg\" alt=\"Thumb\">\n                        <\/div>\n                        <div class=\"col-lg-5 left-info\">\n                            <h2>D\u00e9veloppement &amp; gestion d'application<\/h2>\n                            <p>\n                                Application mobile, Android, application de gestion, web, e-commerce. Elle vous permet d'offrir un acc\u00e8s direct de vos produits et services \u00e0 tous vos clients.\n                            <\/p>\n                            <ul class=\"project-info\">\n                            <li>\n                                <div class=\"title\"><h5>Date<\/h5><\/div>\n                                <div class=\"details\">12 Jun, 2021<\/div>\n                            <\/li>\n                            <li>\n                                <div class=\"title\"><h5>Client<\/h5><\/div>\n                                <div class=\"details\">Jonathom Doe<\/div>\n                            <\/li>\n                            <li>\n                                <div class=\"title\"><h5>Category<\/h5><\/div>\n                                <div class=\"details\">Design \/ Ideas<\/div>\n                            <\/li>\n                            <li>\n                                <div class=\"title\"><h5>Address<\/h5><\/div>\n                                <div class=\"details\">California, TX 70240<\/div>\n                            <\/li>\n                            <\/ul>\n                        <\/div>\n                    <\/div>\n                <\/div>[vc_column_text css=&#8221;.vc_custom_1653503631473{margin-bottom: 25px !important;}&#8221;]<\/p>\n<h3><strong>Pourquoi<\/strong> opter pour une application ?<\/h3>\n<p>[\/vc_column_text][vc_column_text css=&#8221;.vc_custom_1653497854251{margin-bottom: 15px !important;}&#8221;]Une application peut-\u00eatre une solution tout en un. Cela pour : mieux g\u00e9rer vos finances, interagir avec les clients, organiser vos t\u00e2ches, r\u00e9seaux sociaux, bien prendre des notes, vendre vos produits\/ services, g\u00e9rer votre organisation \u2026[\/vc_column_text]<div class=\"row thumbs\">\n                        <div class=\"col-lg-6 col-md-6\">\n                            <img decoding=\"async\" src=\"https:\/\/bewell-corporation.com\/wp-content\/uploads\/2021\/01\/11-1.jpg\" alt=\"Thumb\">\n                        <\/div>\n                        <div class=\"col-lg-6 col-md-6\">\n                            <img decoding=\"async\" src=\"https:\/\/bewell-corporation.com\/wp-content\/uploads\/2021\/01\/22-1.jpg\" alt=\"Thumb\">\n                        <\/div>\n                    <\/div>\n                <\/div>\n            <\/div>\n        <\/div>\n    <\/div>\n    <!-- End Case Details -->[\/vc_column][\/vc_row]<\/p>\n","protected":false},"excerpt":{"rendered":"<p>[vc_row][vc_column][vc_column_text css=&#8221;.vc_custom_1653503631473{margin-bottom: 25px !important;}&#8221;] Pourquoi opter pour une application ? [\/vc_column_text][vc_column_text css=&#8221;.vc_custom_1653497854251{margin-bottom: 15px !important;}&#8221;]Une application peut-\u00eatre une solution tout en un. Cela pour : mieux g\u00e9rer vos finances, interagir avec les clients, organiser vos t\u00e2ches, r\u00e9seaux sociaux, bien prendre des notes, vendre vos produits\/ services, g\u00e9rer votre organisation \u2026[\/vc_column_text][\/vc_column][\/vc_row]<\/p>\n","protected":false},"author":2,"featured_media":0,"parent":0,"menu_order":0,"comment_status":"closed","ping_status":"closed","template":"","meta":{"_joinchat":[],"footnotes":""},"class_list":["post-1136","page","type-page","status-publish","hentry"],"_links":{"self":[{"href":"https:\/\/bewell-corporation.com\/index.php\/wp-json\/wp\/v2\/pages\/1136","targetHints":{"allow":["GET"]}}],"collection":[{"href":"https:\/\/bewell-corporation.com\/index.php\/wp-json\/wp\/v2\/pages"}],"about":[{"href":"https:\/\/bewell-corporation.com\/index.php\/wp-json\/wp\/v2\/types\/page"}],"author":[{"embeddable":true,"href":"https:\/\/bewell-corporation.com\/index.php\/wp-json\/wp\/v2\/users\/2"}],"replies":[{"embeddable":true,"href":"https:\/\/bewell-corporation.com\/index.php\/wp-json\/wp\/v2\/comments?post=1136"}],"version-history":[{"count":3,"href":"https:\/\/bewell-corporation.com\/index.php\/wp-json\/wp\/v2\/pages\/1136\/revisions"}],"predecessor-version":[{"id":1202,"href":"https:\/\/bewell-corporation.com\/index.php\/wp-json\/wp\/v2\/pages\/1136\/revisions\/1202"}],"wp:attachment":[{"href":"https:\/\/bewell-corporation.com\/index.php\/wp-json\/wp\/v2\/media?parent=1136"}],"curies":[{"name":"wp","href":"https:\/\/api.w.org\/{rel}","templated":true}]}}