{"id":1141,"date":"2022-05-25T23:20:10","date_gmt":"2022-05-25T21:20:10","guid":{"rendered":"https:\/\/bewell-corporation.com\/?page_id=1141"},"modified":"2022-06-03T19:26:01","modified_gmt":"2022-06-03T17:26:01","slug":"graphisme-infographie","status":"publish","type":"page","link":"https:\/\/bewell-corporation.com\/index.php\/graphisme-infographie\/","title":{"rendered":"Graphisme &#038; Infographie"},"content":{"rendered":"<p>[vc_row][vc_column]<!-- Start Case Details \n    ============================================= -->\n    <div class=\"case-details-area services-details-area default-padding\">\n        <div class=\"container\">\n            <div class=\"case-content\">\n                <div class=\"top-info\">\n                    <div class=\"row\">\n                        <div class=\"col-lg-7 thumb\">\n                            <img decoding=\"async\" src=\"https:\/\/bewell-corporation.com\/wp-content\/uploads\/2022\/06\/BEWELL-GRAPHISME.jpg\" alt=\"Thumb\">\n                        <\/div>\n                        <div class=\"col-lg-5 left-info\">\n                            <h2>Graphisme &amp; Infographie<\/h2>\n                            <p>\n                                Cr\u00e9ation d'identit\u00e9 visuelle, logo, banni\u00e8res, b\u00e2ches, affiches, traitement d'images, calendrier, charte graphique, cartes de visites, flyers, prospectus, panneau publicitaire, branding, conception et impression sur tous supports.\n                            <\/p>\n                            <ul class=\"project-info\">\n                            <li>\n                                <div class=\"title\"><h5>Date<\/h5><\/div>\n                                <div class=\"details\">12 Jun, 2021<\/div>\n                            <\/li>\n                            <li>\n                                <div class=\"title\"><h5>Client<\/h5><\/div>\n                                <div class=\"details\">Jonathom Doe<\/div>\n                            <\/li>\n                            <li>\n                                <div class=\"title\"><h5>Category<\/h5><\/div>\n                                <div class=\"details\">Design \/ Ideas<\/div>\n                            <\/li>\n                            <li>\n                                <div class=\"title\"><h5>Address<\/h5><\/div>\n                                <div class=\"details\">California, TX 70240<\/div>\n                            <\/li>\n                            <\/ul>\n                        <\/div>\n                    <\/div>\n                <\/div>[vc_column_text css=&#8221;.vc_custom_1653649775319{margin-bottom: 25px !important;}&#8221;]<\/p>\n<h3>Cr\u00e9er une identit\u00e9 qui vous ressemble !<\/h3>\n<p>[\/vc_column_text][vc_column_text css=&#8221;.vc_custom_1653650883293{margin-bottom: 15px !important;}&#8221;]Pour faire perdurer votre marque, vous aurez besoin d&#8217;une identit\u00e9 visuelle assum\u00e9e qui repr\u00e9sente vos valeurs et convictions. Faites nous confiance dans l&#8217;\u00e9tape de cr\u00e9ation et de r\u00e9alisation de vos projets.[\/vc_column_text]<div class=\"row thumbs\">\n                        <div class=\"col-lg-6 col-md-6\">\n                            <img decoding=\"async\" src=\"https:\/\/bewell-corporation.com\/wp-content\/uploads\/2022\/06\/BEWELL-CREATION.jpg\" alt=\"Thumb\">\n                        <\/div>\n                        <div class=\"col-lg-6 col-md-6\">\n                            <img decoding=\"async\" src=\"https:\/\/bewell-corporation.com\/wp-content\/uploads\/2021\/01\/22-1.jpg\" alt=\"Thumb\">\n                        <\/div>\n                    <\/div>\n                <\/div>\n            <\/div>\n        <\/div>\n    <\/div>\n    <!-- End Case Details -->[\/vc_column][\/vc_row]<\/p>\n","protected":false},"excerpt":{"rendered":"<p>[vc_row][vc_column][vc_column_text css=&#8221;.vc_custom_1653649775319{margin-bottom: 25px !important;}&#8221;] Cr\u00e9er une identit\u00e9 qui vous ressemble ! [\/vc_column_text][vc_column_text css=&#8221;.vc_custom_1653650883293{margin-bottom: 15px !important;}&#8221;]Pour faire perdurer votre marque, vous aurez besoin d&#8217;une identit\u00e9 visuelle assum\u00e9e qui repr\u00e9sente vos valeurs et convictions. Faites nous confiance dans l&#8217;\u00e9tape de cr\u00e9ation et de r\u00e9alisation de vos projets.[\/vc_column_text][\/vc_column][\/vc_row]<\/p>\n","protected":false},"author":2,"featured_media":0,"parent":0,"menu_order":0,"comment_status":"closed","ping_status":"closed","template":"","meta":{"_joinchat":[],"footnotes":""},"class_list":["post-1141","page","type-page","status-publish","hentry"],"_links":{"self":[{"href":"https:\/\/bewell-corporation.com\/index.php\/wp-json\/wp\/v2\/pages\/1141","targetHints":{"allow":["GET"]}}],"collection":[{"href":"https:\/\/bewell-corporation.com\/index.php\/wp-json\/wp\/v2\/pages"}],"about":[{"href":"https:\/\/bewell-corporation.com\/index.php\/wp-json\/wp\/v2\/types\/page"}],"author":[{"embeddable":true,"href":"https:\/\/bewell-corporation.com\/index.php\/wp-json\/wp\/v2\/users\/2"}],"replies":[{"embeddable":true,"href":"https:\/\/bewell-corporation.com\/index.php\/wp-json\/wp\/v2\/comments?post=1141"}],"version-history":[{"count":5,"href":"https:\/\/bewell-corporation.com\/index.php\/wp-json\/wp\/v2\/pages\/1141\/revisions"}],"predecessor-version":[{"id":1211,"href":"https:\/\/bewell-corporation.com\/index.php\/wp-json\/wp\/v2\/pages\/1141\/revisions\/1211"}],"wp:attachment":[{"href":"https:\/\/bewell-corporation.com\/index.php\/wp-json\/wp\/v2\/media?parent=1141"}],"curies":[{"name":"wp","href":"https:\/\/api.w.org\/{rel}","templated":true}]}}