{"id":1143,"date":"2022-05-25T23:16:49","date_gmt":"2022-05-25T21:16:49","guid":{"rendered":"https:\/\/bewell-corporation.com\/?page_id=1143"},"modified":"2022-06-03T18:36:27","modified_gmt":"2022-06-03T16:36:27","slug":"photos-videos","status":"publish","type":"page","link":"https:\/\/bewell-corporation.com\/index.php\/photos-videos\/","title":{"rendered":"Photos &#038; Vid\u00e9os"},"content":{"rendered":"<p>[vc_row][vc_column]<!-- Start Case Details \n    ============================================= -->\n    <div class=\"case-details-area services-details-area default-padding\">\n        <div class=\"container\">\n            <div class=\"case-content\">\n                <div class=\"top-info\">\n                    <div class=\"row\">\n                        <div class=\"col-lg-7 thumb\">\n                            <img decoding=\"async\" src=\"https:\/\/bewell-corporation.com\/wp-content\/uploads\/2022\/06\/BEWELL-PHOTO.jpg\" alt=\"Thumb\">\n                        <\/div>\n                        <div class=\"col-lg-5 left-info\">\n                            <h2>Photos &amp; Vid\u00e9os<\/h2>\n                            <p>\n                                Photo shooting, photos d'entreprise, album photos, couverture m\u00e9diatique, conf\u00e9rence, colloque, r\u00e9alisation vid\u00e9o, publireportage, animation vid\u00e9os, teaser, montage de photos et de vid\u00e9os.\n                            <\/p>\n                            <ul class=\"project-info\">\n                            <li>\n                                <div class=\"title\"><h5>Date<\/h5><\/div>\n                                <div class=\"details\">12 Jun, 2021<\/div>\n                            <\/li>\n                            <li>\n                                <div class=\"title\"><h5>Client<\/h5><\/div>\n                                <div class=\"details\">Jonathom Doe<\/div>\n                            <\/li>\n                            <li>\n                                <div class=\"title\"><h5>Category<\/h5><\/div>\n                                <div class=\"details\">Design \/ Ideas<\/div>\n                            <\/li>\n                            <li>\n                                <div class=\"title\"><h5>Address<\/h5><\/div>\n                                <div class=\"details\">California, TX 70240<\/div>\n                            <\/li>\n                            <\/ul>\n                        <\/div>\n                    <\/div>\n                <\/div>[vc_column_text css=&#8221;.vc_custom_1653504739340{margin-bottom: 25px !important;}&#8221;]<\/p>\n<h3>Photos &amp; Vid\u00e9os<\/h3>\n<p>[\/vc_column_text][vc_column_text css=&#8221;.vc_custom_1653649443987{margin-bottom: 15px !important;}&#8221;]Pour tous vos besoins en photographie, anniversaire, mariage, articles de vente, site internet, photos d&#8217;entreprises, photos professionnels, d&#8217;\u00e9v\u00e8nements&#8230;<\/p>\n<p>Vid\u00e9os et couverture de vos \u00e9v\u00e8nements[\/vc_column_text]<div class=\"row thumbs\">\n                        <div class=\"col-lg-6 col-md-6\">\n                            <img decoding=\"async\" src=\"https:\/\/bewell-corporation.com\/wp-content\/uploads\/2022\/06\/BEWELL-PHOTOS-VIDEOS.jpg\" alt=\"Thumb\">\n                        <\/div>\n                        <div class=\"col-lg-6 col-md-6\">\n                            <img decoding=\"async\" src=\"https:\/\/bewell-corporation.com\/wp-content\/uploads\/2021\/01\/22-1.jpg\" alt=\"Thumb\">\n                        <\/div>\n                    <\/div>\n                <\/div>\n            <\/div>\n        <\/div>\n    <\/div>\n    <!-- End Case Details -->[\/vc_column][\/vc_row]<\/p>\n","protected":false},"excerpt":{"rendered":"<p>[vc_row][vc_column][vc_column_text css=&#8221;.vc_custom_1653504739340{margin-bottom: 25px !important;}&#8221;] Photos &amp; Vid\u00e9os [\/vc_column_text][vc_column_text css=&#8221;.vc_custom_1653649443987{margin-bottom: 15px !important;}&#8221;]Pour tous vos besoins en photographie, anniversaire, mariage, articles de vente, site internet, photos d&#8217;entreprises, photos professionnels, d&#8217;\u00e9v\u00e8nements&#8230; Vid\u00e9os et couverture de vos \u00e9v\u00e8nements[\/vc_column_text][\/vc_column][\/vc_row]<\/p>\n","protected":false},"author":2,"featured_media":0,"parent":0,"menu_order":0,"comment_status":"closed","ping_status":"closed","template":"","meta":{"_joinchat":[],"footnotes":""},"class_list":["post-1143","page","type-page","status-publish","hentry"],"_links":{"self":[{"href":"https:\/\/bewell-corporation.com\/index.php\/wp-json\/wp\/v2\/pages\/1143","targetHints":{"allow":["GET"]}}],"collection":[{"href":"https:\/\/bewell-corporation.com\/index.php\/wp-json\/wp\/v2\/pages"}],"about":[{"href":"https:\/\/bewell-corporation.com\/index.php\/wp-json\/wp\/v2\/types\/page"}],"author":[{"embeddable":true,"href":"https:\/\/bewell-corporation.com\/index.php\/wp-json\/wp\/v2\/users\/2"}],"replies":[{"embeddable":true,"href":"https:\/\/bewell-corporation.com\/index.php\/wp-json\/wp\/v2\/comments?post=1143"}],"version-history":[{"count":4,"href":"https:\/\/bewell-corporation.com\/index.php\/wp-json\/wp\/v2\/pages\/1143\/revisions"}],"predecessor-version":[{"id":1148,"href":"https:\/\/bewell-corporation.com\/index.php\/wp-json\/wp\/v2\/pages\/1143\/revisions\/1148"}],"wp:attachment":[{"href":"https:\/\/bewell-corporation.com\/index.php\/wp-json\/wp\/v2\/media?parent=1143"}],"curies":[{"name":"wp","href":"https:\/\/api.w.org\/{rel}","templated":true}]}}