{"id":1157,"date":"2022-05-27T17:19:46","date_gmt":"2022-05-27T15:19:46","guid":{"rendered":"https:\/\/bewell-corporation.com\/?page_id=1157"},"modified":"2022-05-27T17:23:43","modified_gmt":"2022-05-27T15:23:43","slug":"materiels-informatiques","status":"publish","type":"page","link":"https:\/\/bewell-corporation.com\/index.php\/materiels-informatiques\/","title":{"rendered":"MATERIELS INFORMATIQUES"},"content":{"rendered":"<p>[vc_row][vc_column]<!-- Start Case Details \n    ============================================= -->\n    <div class=\"case-details-area services-details-area default-padding\">\n        <div class=\"container\">\n            <div class=\"case-content\">\n                <div class=\"top-info\">\n                    <div class=\"row\">\n                        <div class=\"col-lg-7 thumb\">\n                            <img decoding=\"async\" src=\"https:\/\/bewell-corporation.com\/wp-content\/uploads\/2021\/01\/4.jpg\" alt=\"Thumb\">\n                        <\/div>\n                        <div class=\"col-lg-5 left-info\">\n                            <h2>Communication digitale<\/h2>\n                            <p>\n                                Cr\u00e9ation &amp; Branding Digital, Marketing digital, r\u00e9daction web, Community management, ciblage, vente en ligne, boost, texte de prospection et de site internet, articles de pages et comptes r\u00e9seaux sociaux, strat\u00e9gie de d\u00e9veloppement.\n                            <\/p>\n                            <ul class=\"project-info\">\n                            <li>\n                                <div class=\"title\"><h5>Date<\/h5><\/div>\n                                <div class=\"details\">12 Jun, 2021<\/div>\n                            <\/li>\n                            <li>\n                                <div class=\"title\"><h5>Client<\/h5><\/div>\n                                <div class=\"details\">Jonathom Doe<\/div>\n                            <\/li>\n                            <li>\n                                <div class=\"title\"><h5>Category<\/h5><\/div>\n                                <div class=\"details\">Design \/ Ideas<\/div>\n                            <\/li>\n                            <li>\n                                <div class=\"title\"><h5>Address<\/h5><\/div>\n                                <div class=\"details\">California, TX 70240<\/div>\n                            <\/li>\n                            <\/ul>\n                        <\/div>\n                    <\/div>\n                <\/div>[vc_column_text css=&#8221;.vc_custom_1653481254518{margin-bottom: 25px !important;}&#8221;]<\/p>\n<h3><strong>Pourquoi<\/strong>\u00a0adopter une\u00a0<strong>communication digitale<\/strong>\u00a0?<\/h3>\n<p>[\/vc_column_text][vc_column_text css=&#8221;.vc_custom_1653481245543{margin-bottom: 15px !important;}&#8221;]Une pr\u00e9sence forte et assum\u00e9e sur les plateformes num\u00e9riques permet aux entreprises de gagner en notori\u00e9t\u00e9, et par cons\u00e9quence, de se d\u00e9velopper. Les atouts d&#8217;une bonne\u00a0communication digitale sont\u00a0nombreux : construire une relation de proximit\u00e9 et de confiance. Conna\u00eetre les attentes de votre client\u00e8le. Communiquer de fa\u00e7on interactive et directe.[\/vc_column_text]<div class=\"row thumbs\">\n                        <div class=\"col-lg-6 col-md-6\">\n                            <img decoding=\"async\" src=\"https:\/\/bewell-corporation.com\/wp-content\/uploads\/2021\/01\/11-1.jpg\" alt=\"Thumb\">\n                        <\/div>\n                        <div class=\"col-lg-6 col-md-6\">\n                            <img decoding=\"async\" src=\"https:\/\/bewell-corporation.com\/wp-content\/uploads\/2021\/01\/22-1.jpg\" alt=\"Thumb\">\n                        <\/div>\n                    <\/div>\n                <\/div>\n            <\/div>\n        <\/div>\n    <\/div>\n    <!-- End Case Details -->[\/vc_column][\/vc_row]<\/p>\n","protected":false},"excerpt":{"rendered":"<p>[vc_row][vc_column][vc_column_text css=&#8221;.vc_custom_1653481254518{margin-bottom: 25px !important;}&#8221;] Pourquoi\u00a0adopter une\u00a0communication digitale\u00a0? [\/vc_column_text][vc_column_text css=&#8221;.vc_custom_1653481245543{margin-bottom: 15px !important;}&#8221;]Une pr\u00e9sence forte et assum\u00e9e sur les plateformes num\u00e9riques permet aux entreprises de gagner en notori\u00e9t\u00e9, et par cons\u00e9quence, de se d\u00e9velopper. Les atouts d&#8217;une bonne\u00a0communication digitale sont\u00a0nombreux : construire une relation de proximit\u00e9 et de confiance. Conna\u00eetre les attentes de votre client\u00e8le. Communiquer de [&hellip;]<\/p>\n","protected":false},"author":2,"featured_media":0,"parent":0,"menu_order":0,"comment_status":"closed","ping_status":"closed","template":"","meta":{"_joinchat":[],"footnotes":""},"class_list":["post-1157","page","type-page","status-publish","hentry"],"_links":{"self":[{"href":"https:\/\/bewell-corporation.com\/index.php\/wp-json\/wp\/v2\/pages\/1157","targetHints":{"allow":["GET"]}}],"collection":[{"href":"https:\/\/bewell-corporation.com\/index.php\/wp-json\/wp\/v2\/pages"}],"about":[{"href":"https:\/\/bewell-corporation.com\/index.php\/wp-json\/wp\/v2\/types\/page"}],"author":[{"embeddable":true,"href":"https:\/\/bewell-corporation.com\/index.php\/wp-json\/wp\/v2\/users\/2"}],"replies":[{"embeddable":true,"href":"https:\/\/bewell-corporation.com\/index.php\/wp-json\/wp\/v2\/comments?post=1157"}],"version-history":[{"count":1,"href":"https:\/\/bewell-corporation.com\/index.php\/wp-json\/wp\/v2\/pages\/1157\/revisions"}],"predecessor-version":[{"id":1158,"href":"https:\/\/bewell-corporation.com\/index.php\/wp-json\/wp\/v2\/pages\/1157\/revisions\/1158"}],"wp:attachment":[{"href":"https:\/\/bewell-corporation.com\/index.php\/wp-json\/wp\/v2\/media?parent=1157"}],"curies":[{"name":"wp","href":"https:\/\/api.w.org\/{rel}","templated":true}]}}