{"id":1191,"date":"2022-06-03T17:21:09","date_gmt":"2022-06-03T15:21:09","guid":{"rendered":"https:\/\/bewell-corporation.com\/?page_id=1191"},"modified":"2022-06-03T19:43:12","modified_gmt":"2022-06-03T17:43:12","slug":"materiels-informatiques-2","status":"publish","type":"page","link":"https:\/\/bewell-corporation.com\/index.php\/materiels-informatiques-2\/","title":{"rendered":"Mat\u00e9riels informatiques"},"content":{"rendered":"<p>[vc_row][vc_column]<!-- Start Case Details \n    ============================================= -->\n    <div class=\"case-details-area services-details-area default-padding\">\n        <div class=\"container\">\n            <div class=\"case-content\">\n                <div class=\"top-info\">\n                    <div class=\"row\">\n                        <div class=\"col-lg-7 thumb\">\n                            <img decoding=\"async\" src=\"https:\/\/bewell-corporation.com\/wp-content\/uploads\/2022\/06\/MATERIELS-INFORMATIQUES-2.jpg\" alt=\"Thumb\">\n                        <\/div>\n                        <div class=\"col-lg-5 left-info\">\n                            <h2>Fourniture de mat\u00e9riels informatiques<\/h2>\n                            <p>\n                                Pour tous vos besoins en informatiques, Ordinateurs, PC, imprimantes, c\u00e2bles, UC, rallonges, chargeurs, souris, claviers, et tous vos besoins mat\u00e9riels en informatique.\n                            <\/p>\n                            <ul class=\"project-info\">\n                            <li>\n                                <div class=\"title\"><h5>Date<\/h5><\/div>\n                                <div class=\"details\">12 Jun, 2021<\/div>\n                            <\/li>\n                            <li>\n                                <div class=\"title\"><h5>Client<\/h5><\/div>\n                                <div class=\"details\">Jonathom Doe<\/div>\n                            <\/li>\n                            <li>\n                                <div class=\"title\"><h5>Category<\/h5><\/div>\n                                <div class=\"details\">Design \/ Ideas<\/div>\n                            <\/li>\n                            <li>\n                                <div class=\"title\"><h5>Address<\/h5><\/div>\n                                <div class=\"details\">California, TX 70240<\/div>\n                            <\/li>\n                            <\/ul>\n                        <\/div>\n                    <\/div>\n                <\/div>[vc_column_text css=&#8221;.vc_custom_1654269662291{margin-bottom: 25px !important;}&#8221;][\/vc_column_text][vc_column_text css=&#8221;.vc_custom_1654278186706{margin-bottom: 15px !important;}&#8221;]Optez pour des services fiables, maintenance informatiques, des mat\u00e9riels s\u00e9curis\u00e9s et fonctionnels avec Bewell Corporation[\/vc_column_text]<div class=\"row thumbs\">\n                        <div class=\"col-lg-6 col-md-6\">\n                            <img decoding=\"async\" src=\"https:\/\/bewell-corporation.com\/wp-content\/uploads\/2022\/06\/MATERIELS-INFORMATIQUES.jpg\" alt=\"Thumb\">\n                        <\/div>\n                        <div class=\"col-lg-6 col-md-6\">\n                            <img decoding=\"async\" src=\"https:\/\/bewell-corporation.com\/wp-content\/uploads\/2022\/06\/BEWELL-MAINTENANCE-INFORMATIQUE.jpg\" alt=\"Thumb\">\n                        <\/div>\n                    <\/div>\n                <\/div>\n            <\/div>\n        <\/div>\n    <\/div>\n    <!-- End Case Details -->[\/vc_column][\/vc_row]<\/p>\n","protected":false},"excerpt":{"rendered":"<p>[vc_row][vc_column][vc_column_text css=&#8221;.vc_custom_1654269662291{margin-bottom: 25px !important;}&#8221;][\/vc_column_text][vc_column_text css=&#8221;.vc_custom_1654278186706{margin-bottom: 15px !important;}&#8221;]Optez pour des services fiables, maintenance informatiques, des mat\u00e9riels s\u00e9curis\u00e9s et fonctionnels avec Bewell Corporation[\/vc_column_text][\/vc_column][\/vc_row]<\/p>\n","protected":false},"author":2,"featured_media":0,"parent":0,"menu_order":0,"comment_status":"closed","ping_status":"closed","template":"","meta":{"_joinchat":[],"footnotes":""},"class_list":["post-1191","page","type-page","status-publish","hentry"],"_links":{"self":[{"href":"https:\/\/bewell-corporation.com\/index.php\/wp-json\/wp\/v2\/pages\/1191","targetHints":{"allow":["GET"]}}],"collection":[{"href":"https:\/\/bewell-corporation.com\/index.php\/wp-json\/wp\/v2\/pages"}],"about":[{"href":"https:\/\/bewell-corporation.com\/index.php\/wp-json\/wp\/v2\/types\/page"}],"author":[{"embeddable":true,"href":"https:\/\/bewell-corporation.com\/index.php\/wp-json\/wp\/v2\/users\/2"}],"replies":[{"embeddable":true,"href":"https:\/\/bewell-corporation.com\/index.php\/wp-json\/wp\/v2\/comments?post=1191"}],"version-history":[{"count":3,"href":"https:\/\/bewell-corporation.com\/index.php\/wp-json\/wp\/v2\/pages\/1191\/revisions"}],"predecessor-version":[{"id":1216,"href":"https:\/\/bewell-corporation.com\/index.php\/wp-json\/wp\/v2\/pages\/1191\/revisions\/1216"}],"wp:attachment":[{"href":"https:\/\/bewell-corporation.com\/index.php\/wp-json\/wp\/v2\/media?parent=1191"}],"curies":[{"name":"wp","href":"https:\/\/api.w.org\/{rel}","templated":true}]}}