{"id":121,"date":"2021-01-23T06:21:44","date_gmt":"2021-01-23T06:21:44","guid":{"rendered":"https:\/\/creativedigital.tech\/tandawordpress\/?page_id=121"},"modified":"2022-06-07T18:23:43","modified_gmt":"2022-06-07T16:23:43","slug":"aide-faq","status":"publish","type":"page","link":"https:\/\/bewell-corporation.com\/index.php\/aide-faq\/","title":{"rendered":"AIDE &#038; FAQ"},"content":{"rendered":"<p>[vc_row][vc_column]<!-- Start Faq \n    ============================================= -->\n    <div class=\"faq-area default-padding\">\n        <div class=\"container\">\n            <div class=\"faq-items\">\n                <div class=\"row\">\n\n                    <div class=\"col-lg-5 info\">\n                        <h5>Foire Aux Questions<\/h5>\n                        <h2>R\u00e9ponses aux questions les plus courantes<\/h2><a href=\"https:\/\/bewell-corporation.com\/index.php\/soumettre-un-projet\/\" class=\"btn btn-theme effect btn-md\">Discutons de votre projet<\/a><\/div>\n                    <div class=\"col-lg-7\">\n                        <div class=\"faq-content\">\n                            <div class=\"accordion\" id=\"accordionExample\"><div class=\"card\">\n    <div class=\"card-header\" id=\"headingOne\">\n        <h4 class=\"mb-0\" data-toggle=\"collapse\" data-target=\"#collapseOne\" aria-expanded=\"true\" aria-controls=\"collapseOne\">\n              Ai-je besoin d'une strat\u00e9gie r\u00e9seaux ??\n        <\/h4>\n    <\/div>\n\n    <div id=\"collapseOne\" class=\"collapse show\" aria-labelledby=\"headingOne\" data-parent=\"#accordionExample\">\n        <div class=\"card-body\">\n            <p>\n                La r\u00e9flexion strat\u00e9gique va au-del\u00e0 de ce qui est devant vous pour voir la situation dans son ensemble. Ensuite, l'ex\u00e9cution tactique intervient pour atteindre ces objectifs g\u00e9n\u00e9raux.\n            <\/p>\n        <\/div>\n    <\/div>\n<\/div><div class=\"card\">\n    <div class=\"card-header\" id=\"headingTwo\">\n        <h4 class=\"mb-0\" data-toggle=\"collapse\" data-target=\"#collapseTwo\" aria-expanded=\"true\" aria-controls=\"collapseTwo\">\n              Puis-je obtenir des conseils marketing gratuitement ??\n        <\/h4>\n    <\/div>\n\n    <div id=\"collapseTwo\" class=\"collapse \" aria-labelledby=\"headingTwo\" data-parent=\"#accordionExample\">\n        <div class=\"card-body\">\n            <p>\n                Toute bonne agence peut relever le d\u00e9fi que vous leur proposez. A BeWell Corporation, vous b\u00e9n\u00e9ficierez d'une approche adapt\u00e9e \u00e0 vos besoins; cette m\u00e9thode nous montre l'ensemble de votre organisation, nous permettant d'identifier la meilleure strat\u00e9gie, les tactiques qui vous apporteront le succ\u00e8s et comment vous pouvez am\u00e9liorer ce succ\u00e8s\n            <\/p>\n        <\/div>\n    <\/div>\n<\/div><div class=\"card\">\n    <div class=\"card-header\" id=\"headingThree\">\n        <h4 class=\"mb-0\" data-toggle=\"collapse\" data-target=\"#collapseThree\" aria-expanded=\"true\" aria-controls=\"collapseThree\">\n              Quelle est la dur\u00e9e de cette strat\u00e9gie ??\n        <\/h4>\n    <\/div>\n\n    <div id=\"collapseThree\" class=\"collapse \" aria-labelledby=\"headingThree\" data-parent=\"#accordionExample\">\n        <div class=\"card-body\">\n            <p>\n                Apprendre \u00e0 conna\u00eetre votre marque de fond en comble signifie que nous pouvons innover en votre nom - c'est pourquoi nous privil\u00e9gions les partenariats \u00e0 long terme.\n            <\/p>\n        <\/div>\n    <\/div>\n<\/div><div class=\"card\">\n    <div class=\"card-header\" id=\"headingThree\">\n        <h4 class=\"mb-0\" data-toggle=\"collapse\" data-target=\"#collapseThree\" aria-expanded=\"true\" aria-controls=\"collapseThree\">\n              Quelle est la premi\u00e8re \u00e9tape pour \u00e9tablir ma communication ??\n        <\/h4>\n    <\/div>\n\n    <div id=\"collapseThree\" class=\"collapse \" aria-labelledby=\"headingThree\" data-parent=\"#accordionExample\">\n        <div class=\"card-body\">\n            <p>\n                Pour commencer, essayons d'\u00e9tablir les objectifs de votre entreprise et les recours qui lui seront n\u00e9cessaires. Ainsi nous pourrons ensemble d\u00e9terminer les \u00e9tapes importantes pour d\u00e9ployer une communication efficace.\n            <\/p>\n        <\/div>\n    <\/div>\n<\/div><\/div>\n                        <\/div>\n                    <\/div>\n\n                <\/div>\n            <\/div>\n        <\/div>\n    <\/div>\n    <!-- End Faq Area -->[\/vc_column][\/vc_row][vc_row][vc_column]<!-- Start Quick Contact Area\n============================================= -->\n<div class=\"quick-contact-area default-padding-bottom\">\n    <div class=\"container\">\n        <div class=\"quick-contact-items shadow dark bg-cover text-light\" style=\"background-image: url(https:\/\/bewell-corporation.com\/wp-content\/uploads\/2021\/01\/7.jpg);\">\n            <div class=\"row align-center\">\n                <div class=\"col-lg-8\">\n                    <h5>Votre entreprise, marque, service, produit ou projet a besoin d'un solide d\u00e9ploiement en communication ?<\/h5>\n                    <h2>Optez pour des solutions simples pour tous vos besoins en communication digitale, en informatiques, pour votre entreprise et assurez vous d'un r\u00e9sultat satisfaisant.<\/h2>\n                <\/div>\n                <div class=\"col-lg-4 text-right\">\n                    <a href=\"https:\/\/bewell-corporation.com\/index.php\/contact-us\/\" class=\"btn btn-light effect btn-md\">Plus d'informations en nous joignant<\/a>\n                <\/div>\n            <\/div>\n        <\/div>\n    <\/div>\n<\/div>\n<!-- End Quick Contact Area -->[\/vc_column][\/vc_row]<\/p>\n","protected":false},"excerpt":{"rendered":"<p>[vc_row][vc_column][\/vc_column][\/vc_row][vc_row][vc_column][\/vc_column][\/vc_row]<\/p>\n","protected":false},"author":1,"featured_media":0,"parent":0,"menu_order":0,"comment_status":"closed","ping_status":"closed","template":"page-templates\/pages.php","meta":{"_joinchat":[],"footnotes":""},"class_list":["post-121","page","type-page","status-publish","hentry"],"_links":{"self":[{"href":"https:\/\/bewell-corporation.com\/index.php\/wp-json\/wp\/v2\/pages\/121","targetHints":{"allow":["GET"]}}],"collection":[{"href":"https:\/\/bewell-corporation.com\/index.php\/wp-json\/wp\/v2\/pages"}],"about":[{"href":"https:\/\/bewell-corporation.com\/index.php\/wp-json\/wp\/v2\/types\/page"}],"author":[{"embeddable":true,"href":"https:\/\/bewell-corporation.com\/index.php\/wp-json\/wp\/v2\/users\/1"}],"replies":[{"embeddable":true,"href":"https:\/\/bewell-corporation.com\/index.php\/wp-json\/wp\/v2\/comments?post=121"}],"version-history":[{"count":2,"href":"https:\/\/bewell-corporation.com\/index.php\/wp-json\/wp\/v2\/pages\/121\/revisions"}],"predecessor-version":[{"id":1225,"href":"https:\/\/bewell-corporation.com\/index.php\/wp-json\/wp\/v2\/pages\/121\/revisions\/1225"}],"wp:attachment":[{"href":"https:\/\/bewell-corporation.com\/index.php\/wp-json\/wp\/v2\/media?parent=121"}],"curies":[{"name":"wp","href":"https:\/\/api.w.org\/{rel}","templated":true}]}}