{"id":156,"date":"2021-01-25T09:24:30","date_gmt":"2021-01-25T09:24:30","guid":{"rendered":"https:\/\/creativedigital.tech\/tandawordpress\/?page_id=156"},"modified":"2022-06-11T22:21:26","modified_gmt":"2022-06-11T20:21:26","slug":"soumettre-un-projet","status":"publish","type":"page","link":"https:\/\/bewell-corporation.com\/index.php\/soumettre-un-projet\/","title":{"rendered":"Soumettre Un Projet"},"content":{"rendered":"<p>[vc_row][vc_column width=&#8221;1\/6&#8243;][\/vc_column][vc_column width=&#8221;2\/3&#8243;]<!-- Start Services \n    ============================================= -->\n    <div class=\"service-area default-padding bottom-less bg-cover\">\n        <div class=\"container\">\n            <div class=\"row\">\n                <div class=\"col-lg-8 offset-lg-2\">\n                    <div class=\"site-heading text-center\">\n                        <h4>Espace projets<\/h4>\n                        <h2>Votre temps est pr\u00e9cieux, alors laissez-nous vous emmener l\u00e0 o\u00f9 vous voulez \u00eatre, plus vite !<\/h2>\n                    <\/div>\n                <\/div>\n            <\/div>\n        <\/div>\n        <div class=\"container\">\n            <div class=\"service-items text-center\">\n                <div class=\"row\">[ninja_form id=&#8221;2&#8243;][\/vc_column][vc_column width=&#8221;1\/6&#8243;][\/vc_column][\/vc_row][vc_row][vc_column]<!-- Start Video Area \n    ============================================= -->\n    <div class=\"video-area extra-padding text-center default-padding faq-area bg-gray bg-fixed shadow dark text-light\" style=\"background-image: url(https:\/\/bewell-corporation.com\/wp-content\/uploads\/2021\/11\/bewell-assistance1.jpg);\">\n        <div class=\"container\">\n            <div class=\"content\">\n                <div class=\"row\">\n                    <div class=\"col-lg-8 offset-lg-2\">\n                        <h5>Pourquoi nous choisir?<\/h5>\n                        <h2>Be Strong, Be Yourself, BeWell <br> BeWell Corporation<\/h2>\n                        <a class=\"popup-youtube relative video-play-button\" href=\"https:\/\/www.youtube.com\/watch?v=NDKSNqVtFzU\">\n                            <i class=\"fa fa-play\"><\/i>\n                        <\/a>\n                    <\/div>\n                <\/div>\n            <\/div>\n        <\/div>\n        <!-- Fixed Shpae Bottom -->\n        <div class=\"fixed-shape-bottom\">\n            <img decoding=\"async\" src=\"https:\/\/bewell-corporation.com\/wp-content\/uploads\/2021\/01\/9.png\" alt=\"Shape\">\n        <\/div>\n        <!-- Fixed Shpae Bottom -->\n    <\/div>\n    <!-- End Video Area -->\n    <!-- Start Why Choose Us \n============================================= -->\n<div class=\"choose-us-area default-padding-bottom\">\n    <div class=\"container\">\n        <div class=\"items-box\">\n            <div class=\"row\">\n                <!-- SIngle item-->\n                <div class=\"single-item col-lg-6 col-mg-6\">\n                    <div class=\"item\">\n                        <div class=\"info\">\n                            <h4>24\/7 Assistance<\/h4>\n                            <p>\n                                BeWell Corporation est une agence de marketing \u00e0 service complet sp\u00e9cialement con\u00e7ue pour aider les organisations \u00e0 prosp\u00e9rer dans un paysage de plus en plus complexe.\n                            <\/p>\n                            <div class=\"call\">\n                                <div class=\"icons\">\n                                    <i class=\"fas fa-phone\"><\/i>\n                                <\/div>\n                                <div class=\"info\">\n                                    <span>Dites-nous tout!<\/span> +228 90 92 77 77\n                                <\/div>\n                            <\/div>\n                        <\/div>\n                    <\/div>\n                <\/div>\n                <!-- End SIngle item-->\n                                    <!-- SIngle item-->\n                <div class=\"single-item col-lg-6 col-mg-6\">\n                    <div class=\"item\">\n                        <div class=\"icon\">\n                            <i class=\"fas fa-cubes\"><\/i>\n                        <\/div>\n                        <div class=\"info\">\n                            <h4>Solutions intelligentes<\/h4>\n                            <p>\n                                Vous devez \u00eatre au bon endroit au bon moment pour atteindre votre public. Nous pouvons vous aider \u00e0 trouver les personnes qui \u00e9coutent d\u00e9j\u00e0.\n                            <\/p>\n                            <a href=\"https:\/\/bewell-corporation.com\/index.php\/contact-us\/\" class=\"btn-more\">Parlons-en!<\/a>\n                        <\/div>\n                    <\/div>\n                <\/div>\n                <!-- End SIngle item-->\n            <\/div>\n        <\/div>\n    <\/div>\n<\/div>\n<!-- End Why Choose Us Area -->[\/vc_column][\/vc_row]<\/p>\n","protected":false},"excerpt":{"rendered":"<p>[vc_row][vc_column width=&#8221;1\/6&#8243;][\/vc_column][vc_column width=&#8221;2\/3&#8243;][ninja_form id=&#8221;2&#8243;][\/vc_column][vc_column width=&#8221;1\/6&#8243;][\/vc_column][\/vc_row][vc_row][vc_column][\/vc_column][\/vc_row]<\/p>\n","protected":false},"author":1,"featured_media":0,"parent":0,"menu_order":0,"comment_status":"closed","ping_status":"closed","template":"page-templates\/pages-image.php","meta":{"_joinchat":[],"footnotes":""},"class_list":["post-156","page","type-page","status-publish","hentry"],"_links":{"self":[{"href":"https:\/\/bewell-corporation.com\/index.php\/wp-json\/wp\/v2\/pages\/156","targetHints":{"allow":["GET"]}}],"collection":[{"href":"https:\/\/bewell-corporation.com\/index.php\/wp-json\/wp\/v2\/pages"}],"about":[{"href":"https:\/\/bewell-corporation.com\/index.php\/wp-json\/wp\/v2\/types\/page"}],"author":[{"embeddable":true,"href":"https:\/\/bewell-corporation.com\/index.php\/wp-json\/wp\/v2\/users\/1"}],"replies":[{"embeddable":true,"href":"https:\/\/bewell-corporation.com\/index.php\/wp-json\/wp\/v2\/comments?post=156"}],"version-history":[{"count":8,"href":"https:\/\/bewell-corporation.com\/index.php\/wp-json\/wp\/v2\/pages\/156\/revisions"}],"predecessor-version":[{"id":1236,"href":"https:\/\/bewell-corporation.com\/index.php\/wp-json\/wp\/v2\/pages\/156\/revisions\/1236"}],"wp:attachment":[{"href":"https:\/\/bewell-corporation.com\/index.php\/wp-json\/wp\/v2\/media?parent=156"}],"curies":[{"name":"wp","href":"https:\/\/api.w.org\/{rel}","templated":true}]}}