{"id":169,"date":"2021-01-25T09:45:17","date_gmt":"2021-01-25T09:45:17","guid":{"rendered":"https:\/\/creativedigital.tech\/tandawordpress\/?page_id=169"},"modified":"2021-07-15T15:43:18","modified_gmt":"2021-07-15T13:43:18","slug":"nos-services","status":"publish","type":"page","link":"https:\/\/bewell-corporation.com\/index.php\/nos-services\/","title":{"rendered":"Nos Services"},"content":{"rendered":"<p>[vc_row][vc_column]<!-- Start Services \n    ============================================= -->\n    <div class=\"service-area default-padding bottom-less bg-cover\">\n        <div class=\"container\">\n            <div class=\"service-items text-center\">\n                <div class=\"row\"><!-- Single item -->\n                    <div class=\"col-lg-4 col-md-6 single-item\">\n                        <div class=\"item\">\n                            <div class=\"info\">\n                                <h4>Cr\u00e9ation &amp; Branding Digital<\/h4>\n                                <i class=\"flaticon-cogwheel\"><\/i>\n                                <p>\n                                    Construction d\u2019image num\u00e9rique de la marque, veille \u00e0 l\u2019uniformit\u00e9, la coh\u00e9rence et la compl\u00e9mentarit\u00e9 des contenus, des discours, des actions, des m\u00e9dias et des outils pr\u00e9sents en ligne.\n                                <\/p>\n                                <a class=\"btn-standard\" href=\"https:\/\/creativedigital.tech\/tandawordpress\/cyber-security-services\/\">Voir plus<\/a>\n                            <\/div>\n                        <\/div>\n                    <\/div>\n                    <!-- End Single item --><!-- Single item -->\n                    <div class=\"col-lg-4 col-md-6 single-item\">\n                        <div class=\"item\">\n                            <div class=\"info\">\n                                <h4>Cr\u00e9ation de pages et comptes r\u00e9seaux sociaux<\/h4>\n                                <i class=\"flaticon-analysis-1\"><\/i>\n                                <p>\n                                    Renforcement de l'image de l'entreprise, pr\u00e9sence aupr\u00e8s de son public, rapide entr\u00e9e en contact, mis \u00e0 jour de l'entreprise\n                                <\/p>\n                                <a class=\"btn-standard\" href=\"https:\/\/creativedigital.tech\/tandawordpress\/cyber-security-services\/\">Voir plus<\/a>\n                            <\/div>\n                        <\/div>\n                    <\/div>\n                    <!-- End Single item --><!-- Single item -->\n                    <div class=\"col-lg-4 col-md-6 single-item\">\n                        <div class=\"item\">\n                            <div class=\"info\">\n                                <h4>Cr\u00e9ation de site internet<\/h4>\n                                <i class=\"flaticon-reduction\"><\/i>\n                                <p>\n                                    Site vitrine, Boutique, e-commerce, mobile, application web, site communautaire, blog, site sp\u00e9cifique, sur mesure.\n                                <\/p>\n                                <a class=\"btn-standard\" href=\"https:\/\/creativedigital.tech\/tandawordpress\/cyber-security-services\/\">Voir plus<\/a>\n                            <\/div>\n                        <\/div>\n                    <\/div>\n                    <!-- End Single item --><!-- Single item -->\n                    <div class=\"col-lg-4 col-md-6 single-item\">\n                        <div class=\"item\">\n                            <div class=\"info\">\n                                <h4>Community Management<\/h4>\n                                <i class=\"flaticon-interview\"><\/i>\n                                <p>\n                                    Gestion des r\u00e9seaux sociaux, animation des pages et comptes, affiches et vid\u00e9o\n                                <\/p>\n                                <a class=\"btn-standard\" href=\"https:\/\/creativedigital.tech\/tandawordpress\/cyber-security-services\/\">Voir plus<\/a>\n                            <\/div>\n                        <\/div>\n                    <\/div>\n                    <!-- End Single item --><!-- Single item -->\n                    <div class=\"col-lg-4 col-md-6 single-item\">\n                        <div class=\"item\">\n                            <div class=\"info\">\n                                <h4>D\u00e9veloppement Application<\/h4>\n                                <i class=\"flaticon-sketch\"><\/i>\n                                <p>\n                                    Application de gestion, Android\n                                <\/p>\n                                <a class=\"btn-standard\" href=\"https:\/\/creativedigital.tech\/tandawordpress\/cyber-security-services\/\">Voir plus<\/a>\n                            <\/div>\n                        <\/div>\n                    <\/div>\n                    <!-- End Single item --><!-- Single item -->\n                    <div class=\"col-lg-4 col-md-6 single-item\">\n                        <div class=\"item\">\n                            <div class=\"info\">\n                                <h4>R\u00e9alisation graphique &amp; Production Multim\u00e9dia<\/h4>\n                                <i class=\"flaticon-firewall\"><\/i>\n                                <p>\n                                    Branding de voiture, R\u00e9alisation de vid\u00e9o teaser, publireportage, montage vid\u00e9o, affiche, flyer, banni\u00e8re publicitaire, panneaux, impression, cartes de visite\u2026\n                                <\/p>\n                                <a class=\"btn-standard\" href=\"https:\/\/creativedigital.tech\/tandawordpress\/cyber-security-services\/\">Voir plus<\/a>\n                            <\/div>\n                        <\/div>\n                    <\/div>\n                    <!-- End Single item --><!-- Single item -->\n                    <div class=\"col-lg-4 col-md-6 single-item\">\n                        <div class=\"item\">\n                            <div class=\"info\">\n                                <h4>Consulting digital<\/h4>\n                                <i class=\"flaticon-cogwheel\"><\/i>\n                                <p>\n                                    Conseil en strat\u00e9gie digital analyse r\u00e9seaux, analyse projets, \u00e9valuations budg\u00e9taires de campagne de communication\n                                <\/p>\n                                <a class=\"btn-standard\" href=\"https:\/\/creativedigital.tech\/tandawordpress\/cyber-security-services\/\">Voir plus<\/a>\n                            <\/div>\n                        <\/div>\n                    <\/div>\n                    <!-- End Single item --><!-- Single item -->\n                    <div class=\"col-lg-4 col-md-6 single-item\">\n                        <div class=\"item\">\n                            <div class=\"info\">\n                                <h4>Shooting photos professionnels &amp; Wedding photography<\/h4>\n                                <i class=\"flaticon-analysis-1\"><\/i>\n                                <p>\n                                    Renforcement de l'image de l'entreprise, traitement de photos, photos artistiques, culinaires, d'\u00e9v\u00e8nements : congr\u00e8s, s\u00e9minaires, rencontre\n                                <\/p>\n                                <a class=\"btn-standard\" href=\"https:\/\/creativedigital.tech\/tandawordpress\/cyber-security-services\/\">Voir plus<\/a>\n                            <\/div>\n                        <\/div>\n                    <\/div>\n                    <!-- End Single item --><!-- Single item -->\n                    <div class=\"col-lg-4 col-md-6 single-item\">\n                        <div class=\"item\">\n                            <div class=\"info\">\n                                <h4>R\u00e9daction Marketing<\/h4>\n                                <i class=\"flaticon-reduction\"><\/i>\n                                <p>\n                                    Gestion web, blog, r\u00e9daction et montage voix off\n                                <\/p>\n                                <a class=\"btn-standard\" href=\"https:\/\/creativedigital.tech\/tandawordpress\/cyber-security-services\/\">Voir plus<\/a>\n                            <\/div>\n                        <\/div>\n                    <\/div>\n                    <!-- End Single item --><\/div>\n            <\/div>\n        <\/div>\n    <\/div>\n    <!-- End Services Area -->[\/vc_column][\/vc_row][vc_row][vc_column]<!-- Start Video Area \n    ============================================= -->\n    <div class=\"video-area extra-padding text-center default-padding faq-area bg-gray bg-fixed shadow dark text-light\" style=\"background-image: url(https:\/\/bewell-corporation.com\/wp-content\/uploads\/2021\/07\/BEWELL-DIGITAL-MARKETING-TOGO.jpg);\">\n        <div class=\"container\">\n            <div class=\"content\">\n                <div class=\"row\">\n                    <div class=\"col-lg-8 offset-lg-2\">\n                        <h5>Why Choose Us<\/h5>\n                        <h2>We Provide Outsourced IT Services <br> For your business<\/h2>\n                        <a class=\"popup-youtube relative video-play-button\" href=\"https:\/\/www.youtube.com\/watch?v=owhuBrGIOsE\">\n                            <i class=\"fa fa-play\"><\/i>\n                        <\/a>\n                    <\/div>\n                <\/div>\n            <\/div>\n        <\/div>\n        <!-- Fixed Shpae Bottom -->\n        <div class=\"fixed-shape-bottom\">\n            <img decoding=\"async\" src=\"https:\/\/bewell-corporation.com\/wp-content\/uploads\/2021\/01\/9.png\" alt=\"Shape\">\n        <\/div>\n        <!-- Fixed Shpae Bottom -->\n    <\/div>\n    <!-- End Video Area -->\n    <!-- Start Why Choose Us \n============================================= -->\n<div class=\"choose-us-area default-padding-bottom\">\n    <div class=\"container\">\n        <div class=\"items-box\">\n            <div class=\"row\">\n                <!-- SIngle item-->\n                <div class=\"single-item col-lg-6 col-mg-6\">\n                    <div class=\"item\">\n                        <div class=\"info\">\n                            <h4>24\/7 Ecoute et Proximit\u00e9<\/h4>\n                            <p>\n                                Une agence de passionn\u00e9s, \u00e0 taille humaine qui privil\u00e9gie l\u2019\u00e9change, l\u2019engagement et la disponibilit\u00e9\n                            <\/p>\n                            <div class=\"call\">\n                                <div class=\"icons\">\n                                    <i class=\"fas fa-phone\"><\/i>\n                                <\/div>\n                                <div class=\"info\">\n                                    <span>L'aventure commence maintenant!<\/span> +228 92 90 77 77\n                                <\/div>\n                            <\/div>\n                        <\/div>\n                    <\/div>\n                <\/div>\n                <!-- End SIngle item-->\n                                    <!-- SIngle item-->\n                <div class=\"single-item col-lg-6 col-mg-6\">\n                    <div class=\"item\">\n                        <div class=\"icon\">\n                            <i class=\"fas fa-cubes\"><\/i>\n                        <\/div>\n                        <div class=\"info\">\n                            <h4>Cr\u00e9ativit\u00e9 et innovation<\/h4>\n                            <p>\n                                Une effervescence de talents qui d\u00e9veloppe le go\u00fbt de la d\u00e9couverte, du d\u00e9fi, et met au point pour vous des outils singuliers et performants.\n                            <\/p>\n                            <a href=\"https:\/\/creativedigital.tech\/tandawordpress\/contact-us\/\" class=\"btn-more\">Commencer!<\/a>\n                        <\/div>\n                    <\/div>\n                <\/div>\n                <!-- End SIngle item-->\n            <\/div>\n        <\/div>\n    <\/div>\n<\/div>\n<!-- End Why Choose Us Area -->[\/vc_column][\/vc_row][vc_row][vc_column]<!-- Start Clients \n    ============================================= -->\n    <div class=\"clients-area default-padding-bottom\">\n        <div class=\"container\">\n            <div class=\"row\">\n                <div class=\"col-lg-12\">\n                    <div class=\"clients-carousel owl-carousel owl-theme\"><img decoding=\"async\" src=\"https:\/\/bewell-corporation.com\/wp-content\/uploads\/2021\/01\/1-1.png\" alt=\"Client\"><img decoding=\"async\" src=\"https:\/\/bewell-corporation.com\/wp-content\/uploads\/2021\/01\/2-1.png\" alt=\"Client\"><img decoding=\"async\" src=\"https:\/\/bewell-corporation.com\/wp-content\/uploads\/2021\/01\/3-3.png\" alt=\"Client\"><img decoding=\"async\" src=\"https:\/\/bewell-corporation.com\/wp-content\/uploads\/2021\/01\/4-1.png\" alt=\"Client\"><img decoding=\"async\" src=\"https:\/\/bewell-corporation.com\/wp-content\/uploads\/2021\/01\/5-1.png\" alt=\"Client\"><img decoding=\"async\" src=\"https:\/\/bewell-corporation.com\/wp-content\/uploads\/2021\/01\/6.png\" alt=\"Client\"><\/div>\n                <\/div>\n            <\/div>\n        <\/div>\n    <\/div>\n    <!-- End Clients Area -->[\/vc_column][\/vc_row]<\/p>\n","protected":false},"excerpt":{"rendered":"<p>[vc_row][vc_column][\/vc_column][\/vc_row][vc_row][vc_column][\/vc_column][\/vc_row][vc_row][vc_column][\/vc_column][\/vc_row]<\/p>\n","protected":false},"author":1,"featured_media":0,"parent":0,"menu_order":0,"comment_status":"closed","ping_status":"closed","template":"page-templates\/pages.php","meta":{"_joinchat":[],"footnotes":""},"class_list":["post-169","page","type-page","status-publish","hentry"],"_links":{"self":[{"href":"https:\/\/bewell-corporation.com\/index.php\/wp-json\/wp\/v2\/pages\/169","targetHints":{"allow":["GET"]}}],"collection":[{"href":"https:\/\/bewell-corporation.com\/index.php\/wp-json\/wp\/v2\/pages"}],"about":[{"href":"https:\/\/bewell-corporation.com\/index.php\/wp-json\/wp\/v2\/types\/page"}],"author":[{"embeddable":true,"href":"https:\/\/bewell-corporation.com\/index.php\/wp-json\/wp\/v2\/users\/1"}],"replies":[{"embeddable":true,"href":"https:\/\/bewell-corporation.com\/index.php\/wp-json\/wp\/v2\/comments?post=169"}],"version-history":[{"count":4,"href":"https:\/\/bewell-corporation.com\/index.php\/wp-json\/wp\/v2\/pages\/169\/revisions"}],"predecessor-version":[{"id":986,"href":"https:\/\/bewell-corporation.com\/index.php\/wp-json\/wp\/v2\/pages\/169\/revisions\/986"}],"wp:attachment":[{"href":"https:\/\/bewell-corporation.com\/index.php\/wp-json\/wp\/v2\/media?parent=169"}],"curies":[{"name":"wp","href":"https:\/\/api.w.org\/{rel}","templated":true}]}}