{"id":993,"date":"2021-07-15T16:23:02","date_gmt":"2021-07-15T14:23:02","guid":{"rendered":"https:\/\/bewell-corporation.com\/?page_id=993"},"modified":"2022-06-03T18:43:32","modified_gmt":"2022-06-03T16:43:32","slug":"services","status":"publish","type":"page","link":"https:\/\/bewell-corporation.com\/index.php\/services\/","title":{"rendered":"SERVICES"},"content":{"rendered":"<p>[vc_row][vc_column]<!-- Start Services \n    ============================================= -->\n    <div class=\"service-area default-padding bottom-less bg-cover\">\n        <div class=\"container\">\n            <div class=\"service-items text-center\">\n                <div class=\"row\"><!-- Single item -->\n                    <div class=\"col-lg-4 col-md-6 single-item\">\n                        <div class=\"item\">\n                            <div class=\"info\">\n                                <h4>Communication digitale<\/h4>\n                                <i class=\"flaticon-cogwheel\"><\/i>\n                                <p>\n                                    Cr\u00e9ation &amp; Branding Digital, Marketing digital, r\u00e9daction web, Community management, ciblage, vente en ligne, boost, texte de prospection et de site internet, articles de pages et comptes r\u00e9seaux sociaux, strat\u00e9gie de d\u00e9veloppement.\n                                <\/p>\n                                <a class=\"btn-standard\" href=\"https:\/\/bewell-corporation.com\/index.php\/communication-digitale\/\">En savoir plus<\/a>\n                            <\/div>\n                        <\/div>\n                    <\/div>\n                    <!-- End Single item --><!-- Single item -->\n                    <div class=\"col-lg-4 col-md-6 single-item\">\n                        <div class=\"item\">\n                            <div class=\"info\">\n                                <h4>Cr\u00e9ation &amp; gestion de site internet<\/h4>\n                                <i class=\"flaticon-analysis-1\"><\/i>\n                                <p>\n                                    Site vitrine, Boutique, e-commerce, mobile, application web, site communautaire, blog, site sp\u00e9cifique, sur mesure. Un site internet vous permet de : de cr\u00e9er un lien direct avec vos clients, de sonder leur opinion, de maintenir et d\u00e9velopper votre chiffre d'affaires, de vendre vos produits et services en ligne (vitrine, e-commerce, application web, boutique en ligne\u2026).\n                                <\/p>\n                                <a class=\"btn-standard\" href=\"https:\/\/bewell-corporation.com\/index.php\/creation-gestion-de-site-internet\/\">En savoir plus<\/a>\n                            <\/div>\n                        <\/div>\n                    <\/div>\n                    <!-- End Single item --><!-- Single item -->\n                    <div class=\"col-lg-4 col-md-6 single-item\">\n                        <div class=\"item\">\n                            <div class=\"info\">\n                                <h4>D\u00e9veloppement &amp; Gestion d'application<\/h4>\n                                <i class=\"flaticon-reduction\"><\/i>\n                                <p>\n                                    Application mobile, andro\u00efd, application de gestion, web, e-commerce. Elle vous permet d'offrir un acc\u00e8s direct de vos produits et services \u00e0 tous vos clients.\n                                <\/p>\n                                <a class=\"btn-standard\" href=\"https:\/\/bewell-corporation.com\/index.php\/developpement-gestion-dapplication\/\">En savoir plus<\/a>\n                            <\/div>\n                        <\/div>\n                    <\/div>\n                    <!-- End Single item --><!-- Single item -->\n                    <div class=\"col-lg-4 col-md-6 single-item\">\n                        <div class=\"item\">\n                            <div class=\"info\">\n                                <h4>Photos &amp; Vid\u00e9os<\/h4>\n                                <i class=\"flaticon-interview\"><\/i>\n                                <p>\n                                    Photo shooting, photos d'entreprise, album photos, couverture m\u00e9diatique, conf\u00e9rence, colloque, r\u00e9alisation vid\u00e9o, publireportage, animation vid\u00e9os, teaser, montage de photos et de vid\u00e9os.\n                                <\/p>\n                                <a class=\"btn-standard\" href=\"https:\/\/bewell-corporation.com\/index.php\/photos-videos\/\">En savoir plus<\/a>\n                            <\/div>\n                        <\/div>\n                    <\/div>\n                    <!-- End Single item --><!-- Single item -->\n                    <div class=\"col-lg-4 col-md-6 single-item\">\n                        <div class=\"item\">\n                            <div class=\"info\">\n                                <h4>Graphisme &amp; Infographie<\/h4>\n                                <i class=\"flaticon-sketch\"><\/i>\n                                <p>\n                                    Cr\u00e9ation d'identit\u00e9 visuelle, logo, banni\u00e8res, b\u00e2ches, affiches, traitement d'images, calendrier, charte graphique, cartes de visites, flyers, prospectus, panneau publicitaire, branding, conception et impression sur tous supports.\n                                <\/p>\n                                <a class=\"btn-standard\" href=\"https:\/\/bewell-corporation.com\/index.php\/graphisme-infographie\/\">En savoir plus<\/a>\n                            <\/div>\n                        <\/div>\n                    <\/div>\n                    <!-- End Single item --><!-- Single item -->\n                    <div class=\"col-lg-4 col-md-6 single-item\">\n                        <div class=\"item\">\n                            <div class=\"info\">\n                                <h4>Formations<\/h4>\n                                <i class=\"flaticon-firewall\"><\/i>\n                                <p>\n                                    D\u00e9veloppement, cr\u00e9ation, graphisme et dans tous les services de Bewell.\n                                <\/p>\n                                <a class=\"btn-standard\" href=\"https:\/\/bewell-corporation.com\/index.php\/formations-a-bewell-3\/\">En savoir plus<\/a>\n                            <\/div>\n                        <\/div>\n                    <\/div>\n                    <!-- End Single item --><!-- Single item -->\n                    <div class=\"col-lg-4 col-md-6 single-item\">\n                        <div class=\"item\">\n                            <div class=\"info\">\n                                <h4>Fournitures de mat\u00e9riels Informatiques<\/h4>\n                                <i class=\"flaticon-cogwheel\"><\/i>\n                                <p>\n                                    Ordinateurs, PC, imprimantes, c\u00e2bles, UC, rallonges, chargeurs, souris et tous vos besoins mat\u00e9riels en informatique.\n                                <\/p>\n                                <a class=\"btn-standard\" href=\"https:\/\/bewell-corporation.com\/index.php\/materiels-informatiques-2\/\">En savoir plus<\/a>\n                            <\/div>\n                        <\/div>\n                    <\/div>\n                    <!-- End Single item --><\/div>\n            <\/div>\n        <\/div>\n    <\/div>\n    <!-- End Services Area -->[\/vc_column][\/vc_row][vc_row][vc_column]<!-- Start Video Area \n    ============================================= -->\n    <div class=\"video-area extra-padding text-center default-padding faq-area bg-gray bg-fixed shadow dark text-light\" style=\"background-image: url(https:\/\/bewell-corporation.com\/wp-content\/uploads\/2021\/07\/BEWELL-DIGITAL-MARKETING-TOGO.jpg);\">\n        <div class=\"container\">\n            <div class=\"content\">\n                <div class=\"row\">\n                    <div class=\"col-lg-8 offset-lg-2\">\n                        <h5>BeWell Corporation<\/h5>\n                        <h2>Ma\u00eetriser le num\u00e9rique <br> Se d\u00e9velopper<\/h2>\n                        <a class=\"popup-youtube relative video-play-button\" href=\"https:\/\/www.youtube.com\/watch?v=NDKSNqVtFzU\">\n                            <i class=\"fa fa-play\"><\/i>\n                        <\/a>\n                    <\/div>\n                <\/div>\n            <\/div>\n        <\/div>\n        <!-- Fixed Shpae Bottom -->\n        <div class=\"fixed-shape-bottom\">\n            <img decoding=\"async\" src=\"https:\/\/bewell-corporation.com\/wp-content\/uploads\/2021\/01\/9.png\" alt=\"Shape\">\n        <\/div>\n        <!-- Fixed Shpae Bottom -->\n    <\/div>\n    <!-- End Video Area -->\n    <!-- Start Why Choose Us \n============================================= -->\n<div class=\"choose-us-area default-padding-bottom\">\n    <div class=\"container\">\n        <div class=\"items-box\">\n            <div class=\"row\">\n                <!-- SIngle item-->\n                <div class=\"single-item col-lg-6 col-mg-6\">\n                    <div class=\"item\">\n                        <div class=\"info\">\n                            <h4>24\/7 Ecoute et Proximit\u00e9<\/h4>\n                            <p>\n                                Une agence de passionn\u00e9s, \u00e0 taille humaine qui privil\u00e9gie l\u2019\u00e9change, l\u2019engagement et la disponibilit\u00e9\n                            <\/p>\n                            <div class=\"call\">\n                                <div class=\"icons\">\n                                    <i class=\"fas fa-phone\"><\/i>\n                                <\/div>\n                                <div class=\"info\">\n                                    <span>L'aventure commence maintenant!<\/span> +228 92 90 77 77\n                                <\/div>\n                            <\/div>\n                        <\/div>\n                    <\/div>\n                <\/div>\n                <!-- End SIngle item-->\n                                    <!-- SIngle item-->\n                <div class=\"single-item col-lg-6 col-mg-6\">\n                    <div class=\"item\">\n                        <div class=\"icon\">\n                            <i class=\"fas fa-cubes\"><\/i>\n                        <\/div>\n                        <div class=\"info\">\n                            <h4>Cr\u00e9ativit\u00e9 et innovation<\/h4>\n                            <p>\n                                Une effervescence de talents qui d\u00e9veloppe le go\u00fbt de la d\u00e9couverte, du d\u00e9fi, et met au point pour vous des outils singuliers et performants.\n                            <\/p>\n                            <a href=\"https:\/\/creativedigital.tech\/tandawordpress\/contact-us\/\" class=\"btn-more\">Commencer!<\/a>\n                        <\/div>\n                    <\/div>\n                <\/div>\n                <!-- End SIngle item-->\n            <\/div>\n        <\/div>\n    <\/div>\n<\/div>\n<!-- End Why Choose Us Area -->[\/vc_column][\/vc_row][vc_row][vc_column]<!-- Start Clients \n    ============================================= -->\n    <div class=\"clients-area default-padding-bottom\">\n        <div class=\"container\">\n            <div class=\"row\">\n                <div class=\"col-lg-12\">\n                    <div class=\"clients-carousel owl-carousel owl-theme\"><img decoding=\"async\" src=\"https:\/\/bewell-corporation.com\/wp-content\/uploads\/2021\/07\/BEWELL-LOGO-P1.jpg\" alt=\"Client\"><img decoding=\"async\" src=\"https:\/\/bewell-corporation.com\/wp-content\/uploads\/2021\/07\/BEWELL-LOGO-P2.jpg\" alt=\"Client\"><img decoding=\"async\" src=\"https:\/\/bewell-corporation.com\/wp-content\/uploads\/2021\/07\/BEWELL-LOGO-P3.jpg\" alt=\"Client\"><img decoding=\"async\" src=\"https:\/\/bewell-corporation.com\/wp-content\/uploads\/2021\/07\/BEWELL-LOGO-P5.jpg\" alt=\"Client\"><img decoding=\"async\" src=\"https:\/\/bewell-corporation.com\/wp-content\/uploads\/2021\/07\/BEWELLLOGO-P6.jpg\" alt=\"Client\"><img decoding=\"async\" src=\"https:\/\/bewell-corporation.com\/wp-content\/uploads\/2021\/07\/BEWELL-LOGO-P6.jpg\" alt=\"Client\"><\/div>\n                <\/div>\n            <\/div>\n        <\/div>\n    <\/div>\n    <!-- End Clients Area -->[\/vc_column][\/vc_row]<\/p>\n","protected":false},"excerpt":{"rendered":"<p>[vc_row][vc_column][\/vc_column][\/vc_row][vc_row][vc_column][\/vc_column][\/vc_row][vc_row][vc_column][\/vc_column][\/vc_row]<\/p>\n","protected":false},"author":2,"featured_media":1056,"parent":0,"menu_order":0,"comment_status":"closed","ping_status":"closed","template":"page-templates\/pages.php","meta":{"_joinchat":[],"footnotes":""},"class_list":["post-993","page","type-page","status-publish","has-post-thumbnail","hentry"],"_links":{"self":[{"href":"https:\/\/bewell-corporation.com\/index.php\/wp-json\/wp\/v2\/pages\/993","targetHints":{"allow":["GET"]}}],"collection":[{"href":"https:\/\/bewell-corporation.com\/index.php\/wp-json\/wp\/v2\/pages"}],"about":[{"href":"https:\/\/bewell-corporation.com\/index.php\/wp-json\/wp\/v2\/types\/page"}],"author":[{"embeddable":true,"href":"https:\/\/bewell-corporation.com\/index.php\/wp-json\/wp\/v2\/users\/2"}],"replies":[{"embeddable":true,"href":"https:\/\/bewell-corporation.com\/index.php\/wp-json\/wp\/v2\/comments?post=993"}],"version-history":[{"count":11,"href":"https:\/\/bewell-corporation.com\/index.php\/wp-json\/wp\/v2\/pages\/993\/revisions"}],"predecessor-version":[{"id":1208,"href":"https:\/\/bewell-corporation.com\/index.php\/wp-json\/wp\/v2\/pages\/993\/revisions\/1208"}],"wp:featuredmedia":[{"embeddable":true,"href":"https:\/\/bewell-corporation.com\/index.php\/wp-json\/wp\/v2\/media\/1056"}],"wp:attachment":[{"href":"https:\/\/bewell-corporation.com\/index.php\/wp-json\/wp\/v2\/media?parent=993"}],"curies":[{"name":"wp","href":"https:\/\/api.w.org\/{rel}","templated":true}]}}